{"id":844,"date":"2021-09-21T16:51:52","date_gmt":"2021-09-21T14:51:52","guid":{"rendered":"https:\/\/endesarrollo.dev\/berrly\/?page_id=844"},"modified":"2021-09-29T17:36:17","modified_gmt":"2021-09-29T15:36:17","slug":"politica-de-cookies","status":"publish","type":"page","link":"https:\/\/www.berrly.com\/ca\/politica-de-cookies\/","title":{"rendered":"Politica de cookies"},"content":{"rendered":"\t\t<div data-elementor-type=\"wp-page\" data-elementor-id=\"844\" class=\"elementor elementor-844\" data-elementor-post-type=\"page\">\n\t\t\t\t\t\t<section class=\"elementor-section elementor-top-section elementor-element elementor-element-c1e7cd1 elementor-section-boxed elementor-section-height-default elementor-section-height-default\" data-id=\"c1e7cd1\" data-element_type=\"section\" data-e-type=\"section\" data-settings=\"{&quot;jet_parallax_layout_list&quot;:[{&quot;jet_parallax_layout_image&quot;:{&quot;url&quot;:&quot;&quot;,&quot;id&quot;:&quot;&quot;,&quot;size&quot;:&quot;&quot;},&quot;_id&quot;:&quot;5cbe0c3&quot;,&quot;jet_parallax_layout_image_tablet&quot;:{&quot;url&quot;:&quot;&quot;,&quot;id&quot;:&quot;&quot;,&quot;size&quot;:&quot;&quot;},&quot;jet_parallax_layout_image_mobile&quot;:{&quot;url&quot;:&quot;&quot;,&quot;id&quot;:&quot;&quot;,&quot;size&quot;:&quot;&quot;},&quot;jet_parallax_layout_speed&quot;:{&quot;unit&quot;:&quot;%&quot;,&quot;size&quot;:50,&quot;sizes&quot;:[]},&quot;jet_parallax_layout_type&quot;:&quot;scroll&quot;,&quot;jet_parallax_layout_direction&quot;:&quot;1&quot;,&quot;jet_parallax_layout_fx_direction&quot;:null,&quot;jet_parallax_layout_z_index&quot;:&quot;&quot;,&quot;jet_parallax_layout_bg_x&quot;:50,&quot;jet_parallax_layout_bg_x_tablet&quot;:&quot;&quot;,&quot;jet_parallax_layout_bg_x_mobile&quot;:&quot;&quot;,&quot;jet_parallax_layout_bg_y&quot;:50,&quot;jet_parallax_layout_bg_y_tablet&quot;:&quot;&quot;,&quot;jet_parallax_layout_bg_y_mobile&quot;:&quot;&quot;,&quot;jet_parallax_layout_bg_size&quot;:&quot;auto&quot;,&quot;jet_parallax_layout_bg_size_tablet&quot;:&quot;&quot;,&quot;jet_parallax_layout_bg_size_mobile&quot;:&quot;&quot;,&quot;jet_parallax_layout_animation_prop&quot;:&quot;transform&quot;,&quot;jet_parallax_layout_on&quot;:[&quot;desktop&quot;,&quot;tablet&quot;]}],&quot;background_background&quot;:&quot;classic&quot;}\">\n\t\t\t\t\t\t<div class=\"elementor-container elementor-column-gap-default\">\n\t\t\t\t\t<div class=\"elementor-column elementor-col-100 elementor-top-column elementor-element elementor-element-e053e14\" data-id=\"e053e14\" data-element_type=\"column\" data-e-type=\"column\">\n\t\t\t<div class=\"elementor-widget-wrap elementor-element-populated\">\n\t\t\t\t\t\t<div class=\"elementor-element elementor-element-b8d61f3 elementor-widget elementor-widget-heading\" data-id=\"b8d61f3\" data-element_type=\"widget\" data-e-type=\"widget\" data-widget_type=\"heading.default\">\n\t\t\t\t<div class=\"elementor-widget-container\">\n\t\t\t\t\t<h1 class=\"elementor-heading-title elementor-size-default\">Pol\u00edtica de Cookies<\/h1>\t\t\t\t<\/div>\n\t\t\t\t<\/div>\n\t\t\t\t<div class=\"elementor-element elementor-element-7c26644 elementor-widget elementor-widget-text-editor\" data-id=\"7c26644\" data-element_type=\"widget\" data-e-type=\"widget\" data-widget_type=\"text-editor.default\">\n\t\t\t\t<div class=\"elementor-widget-container\">\n\t\t\t\t\t\t\t\t\t<p>Las presentes condiciones regulan exclusivamente el uso del \u00e1rea p\u00fablica del sitio web berrly.com<\/p>\t\t\t\t\t\t\t\t<\/div>\n\t\t\t\t<\/div>\n\t\t\t\t<div class=\"elementor-element elementor-element-70c2476 elementor-widget elementor-widget-heading\" data-id=\"70c2476\" data-element_type=\"widget\" data-e-type=\"widget\" data-widget_type=\"heading.default\">\n\t\t\t\t<div class=\"elementor-widget-container\">\n\t\t\t\t\t<p class=\"elementor-heading-title elementor-size-default\">1. \u00bfQu\u00e9 es una cookie?<\/p>\t\t\t\t<\/div>\n\t\t\t\t<\/div>\n\t\t\t\t<div class=\"elementor-element elementor-element-2f70164 elementor-widget elementor-widget-text-editor\" data-id=\"2f70164\" data-element_type=\"widget\" data-e-type=\"widget\" data-widget_type=\"text-editor.default\">\n\t\t\t\t<div class=\"elementor-widget-container\">\n\t\t\t\t\t\t\t\t\t<p class=\"p2\"><span class=\"s2\">Una cookie son archivos de texto que se descargan en el equipo del usuario al acceder a determinadas p\u00e1ginas Web con el objetivo de almacenar y recuperar informaci\u00f3n sobre la navegaci\u00f3n que se efect\u00faa desde dicho equipo.<\/span><\/p><p class=\"p2\"><span class=\"s2\">De conformidad con la normativa vigente, debemos informarle del uso de las cookies para que Usted, como usuario, pueda consentir el uso de las cookies por nuestra parte. Si Usted sigue navegando en nuestro Sitio Web, dicha actuaci\u00f3n implicar\u00e1 la aceptaci\u00f3n del uso de las cookies.<\/span><\/p><p class=\"p2\"><span class=\"s2\">Con independencia de lo anterior, en cualquier momento podr\u00e1 desactivar el uso de las Cookies en la forma indicada en el presente documento.<\/span><\/p><p class=\"p2\"><span class=\"s2\">La desactivaci\u00f3n de las cookies, en la mayor\u00eda de los casos, no impedir\u00e1 el uso de este Sitio Web. No obstante, seg\u00fan el tipo de cookie desactivada, la funcionalidad del sitio Web y de nuestro servicio se ver\u00e1 limitada o incluso impedida para determinadas funciones o actuaciones.<\/span><\/p>\t\t\t\t\t\t\t\t<\/div>\n\t\t\t\t<\/div>\n\t\t\t\t<div class=\"elementor-element elementor-element-4e86ae2 elementor-widget elementor-widget-heading\" data-id=\"4e86ae2\" data-element_type=\"widget\" data-e-type=\"widget\" data-widget_type=\"heading.default\">\n\t\t\t\t<div class=\"elementor-widget-container\">\n\t\t\t\t\t<p class=\"elementor-heading-title elementor-size-default\">2. \u00bfQu\u00e9 cookies se utilizan en este sitio Web?<\/p>\t\t\t\t<\/div>\n\t\t\t\t<\/div>\n\t\t\t\t<div class=\"elementor-element elementor-element-9a709df elementor-widget elementor-widget-text-editor\" data-id=\"9a709df\" data-element_type=\"widget\" data-e-type=\"widget\" data-widget_type=\"text-editor.default\">\n\t\t\t\t<div class=\"elementor-widget-container\">\n\t\t\t\t\t\t\t\t\t<h4><span class=\"s1\"><strong>Cookies de sesi\u00f3n<\/strong><\/span><\/h4><p class=\"p2\"><span class=\"s2\">Las cookies de sesi\u00f3n permiten a los usuarios ser reconocidos en el Sitio Web de forma que, cualquier cambio que realice el usuario, art\u00edculo que seleccione o dato que introduzca el usuario se recuerda de una a otra p\u00e1gina dentro del Sitio Web.<\/span><\/p><p class=\"p2\"><span class=\"s2\">Este tipo de cookies se eliminan de su disco duro cuando Usted cierra su navegador.<\/span><\/p><h4 class=\"p2\"><span class=\"s1\"><strong>Retargeting<\/strong><\/span><\/h4><p class=\"p2\"><span class=\"s2\">Nuestro Sitio Web utiliza tecnolog\u00edas de\u00a0<em>retargeting<\/em>. Esta herramienta nos permite, una vez el Usuario ha accedido a nuestro Sitio Web y se ha interesado por nuestros servicios, mostrar publicidad de nuestros servicios en los sitios webs de terceros asociados (que tambi\u00e9n son visitados por dichos usuarios).<\/span><\/p><p class=\"p2\"><span class=\"s2\">Esta publicidad en los sitios webs de terceros se puede realizar por el uso de cookies que almacenan el acceso y el uso realizado por el usuario de nuestro Sitio Web. Este tipo de publicidad se realiza totalmente anonimizada (bajo pseud\u00f3nimos).<\/span><\/p><p class=\"p2\"><span class=\"s4\">La duraci\u00f3n de estas cookies es de hasta un a\u00f1o.<\/span><\/p><h4 class=\"p2\"><span class=\"s1\"><strong>An\u00e1lisis Web<\/strong><\/span><\/h4><p class=\"p2\"><span class=\"s2\">En este sitio Web se permite la utilizaci\u00f3n de las cookies propias de la herramienta \u201cGoogle Analytics\u201d, un servicio anal\u00edtico de web prestado por Google, Inc., una compa\u00f1\u00eda de Delaware cuya oficina principal est\u00e1 en 1600 Amphitheatre Parkway, Mountain View (California), CA 94043, Estados Unidos (\u201c<strong>Google<\/strong>\u201d) y que utiliza \u201ccookies\u201d. La informaci\u00f3n que genera la cookie acerca del uso del Sitio Web (incluyendo la direcci\u00f3n IP) ser\u00e1 directamente transmitida y archivada por Google en los servidores de Estados Unidos.<\/span><\/p><p class=\"p2\"><span class=\"s2\">Seg\u00fan determina Google, Google Analitycs se rige por las condiciones generales de Google accesibles en\u00a0<a href=\"http:\/\/www.google.com\/analytics\/tos.html\" target=\"_blank\" rel=\"noopener\">http:\/\/www.google.com\/analytics\/tos.html<\/a>\u00a0y la pol\u00edtica de privacidad de Google accesible en\u00a0<a href=\"http:\/\/www.google.com\/privacy_ads.html#toc-faq\" target=\"_blank\" rel=\"noopener\">http:\/\/www.google.com\/privacy_ads.html#toc-faq<\/a>.<\/span><\/p>\t\t\t\t\t\t\t\t<\/div>\n\t\t\t\t<\/div>\n\t\t\t\t<div class=\"elementor-element elementor-element-07f62da elementor-widget elementor-widget-heading\" data-id=\"07f62da\" data-element_type=\"widget\" data-e-type=\"widget\" data-widget_type=\"heading.default\">\n\t\t\t\t<div class=\"elementor-widget-container\">\n\t\t\t\t\t<p class=\"elementor-heading-title elementor-size-default\">\u00bfQu\u00e9 informaci\u00f3n se capta a trav\u00e9s de las cookies y qu\u00e9 informaci\u00f3n recibe Berrly?\n<\/p>\t\t\t\t<\/div>\n\t\t\t\t<\/div>\n\t\t\t\t<div class=\"elementor-element elementor-element-d5df3e9 elementor-widget elementor-widget-text-editor\" data-id=\"d5df3e9\" data-element_type=\"widget\" data-e-type=\"widget\" data-widget_type=\"text-editor.default\">\n\t\t\t\t<div class=\"elementor-widget-container\">\n\t\t\t\t\t\t\t\t\t<p class=\"p2\"><span class=\"s2\">Google Analytics capta las interacciones de los usuarios en el sitio web (hora de visita, si el usuario ha estado antes en el sitio, qu\u00e9 sitio ha recomendado al usuario visitar la p\u00e1gina Web en cuesti\u00f3n, direcci\u00f3n de IP, etc.).<\/span><\/p><p class=\"p2\"><span class=\"s2\">Google Analytics no proporciona a Berrly informaci\u00f3n sobre la direcci\u00f3n IP real del usuario; s\u00f3lo le facilita informaci\u00f3n estad\u00edstica relativa a las visitas (visitantes \u00fanicos, n\u00famero de visitas, p\u00e1ginas vistas, duraci\u00f3n media de la visita, porcentaje de visitas nuevas, recurrentes, frecuencia, p\u00e1ginas visitadas), datos demogr\u00e1ficos (idioma, pa\u00eds, ciudad) o sistema (navegador, sistema operativo, proveedor de acceso a Internet, tipo de dispositivo).<\/span><\/p>\t\t\t\t\t\t\t\t<\/div>\n\t\t\t\t<\/div>\n\t\t\t\t<div class=\"elementor-element elementor-element-c95f2c3 elementor-widget elementor-widget-heading\" data-id=\"c95f2c3\" data-element_type=\"widget\" data-e-type=\"widget\" data-widget_type=\"heading.default\">\n\t\t\t\t<div class=\"elementor-widget-container\">\n\t\t\t\t\t<p class=\"elementor-heading-title elementor-size-default\">\u00bfCu\u00e1l es la finalidad del uso de Google Analytics?\n<\/p>\t\t\t\t<\/div>\n\t\t\t\t<\/div>\n\t\t\t\t<div class=\"elementor-element elementor-element-24685a7 elementor-widget elementor-widget-text-editor\" data-id=\"24685a7\" data-element_type=\"widget\" data-e-type=\"widget\" data-widget_type=\"text-editor.default\">\n\t\t\t\t<div class=\"elementor-widget-container\">\n\t\t\t\t\t\t\t\t\t<div class=\"wpb_text_column wpb_content_element\"><div class=\"wpb_wrapper\"><div class=\"wpb_text_column-text-style\"><p><span class=\"s2\">Google Analytics es la herramienta de an\u00e1lisis web gratuita de Google que ayuda a los propietarios de los sitios web a comprender c\u00f3mo interact\u00faan los visitantes con su sitio web. Google Analytics recopila informaci\u00f3n de forma an\u00f3nima y, al igual que si se rastrearan huellas en la arena, informa acerca de las tendencias del sitio web, sin identificar a los visitantes individuales. Google Analytics utiliza su propia cookie para seguir las interacciones de los visitantes. La cookie se utiliza para guardar informaci\u00f3n, como la hora a la que se produjo la visita actual, si el visitante hab\u00eda estado anteriormente en el sitio o el sitio del que proviene. Los clientes de Google Analytics pueden acceder a una variedad de informes acerca del modo en el que los visitantes interact\u00faan con sus sitios web, de forma que puedan mejorarlos y hacerlos m\u00e1s localizables.<\/span><\/p><\/div><\/div><\/div><header class=\"section-title\"><\/header>\t\t\t\t\t\t\t\t<\/div>\n\t\t\t\t<\/div>\n\t\t\t\t<div class=\"elementor-element elementor-element-d6132e7 elementor-widget elementor-widget-heading\" data-id=\"d6132e7\" data-element_type=\"widget\" data-e-type=\"widget\" data-widget_type=\"heading.default\">\n\t\t\t\t<div class=\"elementor-widget-container\">\n\t\t\t\t\t<p class=\"elementor-heading-title elementor-size-default\">\u00bfC\u00f3mo puedo desactivar las cookies de Google Analytics?<\/p>\t\t\t\t<\/div>\n\t\t\t\t<\/div>\n\t\t\t\t<div class=\"elementor-element elementor-element-629d432 elementor-widget elementor-widget-text-editor\" data-id=\"629d432\" data-element_type=\"widget\" data-e-type=\"widget\" data-widget_type=\"text-editor.default\">\n\t\t\t\t<div class=\"elementor-widget-container\">\n\t\t\t\t\t\t\t\t\t<p class=\"p2\"><span class=\"s2\">El usuario podr\u00e1 en cualquier momento desactivar las cookies de Google Analytics mediante:<\/span><\/p><p class=\"p2\"><span class=\"s2\">1. La instalaci\u00f3n de la herramienta Google Analytics Opt-out Add-on en su navegador, que impide a Google Analytics la recopilaci\u00f3n de informaci\u00f3n sobre sus visitas a sitios web accesible en\u00a0<a href=\"https:\/\/tools.google.com\/dlpage\/gaoptout?hl=es\" target=\"_blank\" rel=\"noopener\"><span class=\"s5\">https:\/\/tools.google.com\/dlpage\/gaoptout?hl=es<\/span><\/a>.<\/span><\/p><p class=\"p2\"><span class=\"s2\">(Inf\u00f3rmese sobre la herramienta Google Analytics Opt-out Add-on y otra informaci\u00f3n sobre privacidad de Google Analytics\u00a0<a href=\"http:\/\/www.google.com\/privacy_ads.html%23toc-faq)\" target=\"_blank\" rel=\"noopener\"><span class=\"s5\">http:\/\/www.google.com\/privacy_ads.html#toc-faq)<\/span><\/a>\u201d.<\/span><\/p><p class=\"p2\"><span class=\"s2\">2. A trav\u00e9s del navegador, tal y como se detalla m\u00e1s abajo.<\/span><\/p><p class=\"p2\"><span class=\"s2\">Berrly informa a sus usuarios de que (i) la captaci\u00f3n de informaci\u00f3n sobre el uso de este sitio Web por nuestros usuarios a trav\u00e9s de Google Analitycs s\u00f3lo la hace Google en su propio nombre, no teniendo Berrly en ning\u00fan momento acceso a tal informaci\u00f3n (sino tan solo a informaci\u00f3n agregada que no est\u00e1 asociada a ninguna direcci\u00f3n IP); (ii) Google es quien determina la finalidad del tratamiento y uso de la informaci\u00f3n captada por Google Analytics en todo momento, as\u00ed como el funcionamiento y duraci\u00f3n de las cookies; (iii) conforme a la informaci\u00f3n proporcionada por Google, el usuario puede evitar la captaci\u00f3n de esa informaci\u00f3n, rechazando la instalaci\u00f3n de cookies, configurando su navegador para ello; y (iv) \u00fanicamente los pa\u00edses de la Uni\u00f3n Europea comparten \u2013como regla general- est\u00e1ndares similares en materia de cookies y protecci\u00f3n de datos de car\u00e1cter personal.<\/span><\/p><p class=\"p2\"><span class=\"s2\">Berrly no puede controlar ni se hace responsable del contenido y veracidad de los t\u00e9rminos y condiciones y las pol\u00edticas de privacidad de Google referenciadas en esta pol\u00edtica de cookies.<\/span><\/p>\t\t\t\t\t\t\t\t<\/div>\n\t\t\t\t<\/div>\n\t\t\t\t<div class=\"elementor-element elementor-element-81a76b4 elementor-widget elementor-widget-heading\" data-id=\"81a76b4\" data-element_type=\"widget\" data-e-type=\"widget\" data-widget_type=\"heading.default\">\n\t\t\t\t<div class=\"elementor-widget-container\">\n\t\t\t\t\t<p class=\"elementor-heading-title elementor-size-default\">Enlaces a Sitios Web de terceros (cookies)<\/p>\t\t\t\t<\/div>\n\t\t\t\t<\/div>\n\t\t\t\t<div class=\"elementor-element elementor-element-553ccf4 elementor-widget elementor-widget-text-editor\" data-id=\"553ccf4\" data-element_type=\"widget\" data-e-type=\"widget\" data-widget_type=\"text-editor.default\">\n\t\t\t\t<div class=\"elementor-widget-container\">\n\t\t\t\t\t\t\t\t\t<div class=\"wpb_text_column wpb_content_element\"><div class=\"wpb_wrapper\"><div class=\"wpb_text_column-text-style\"><p><span class=\"s2\">Es posible que el Sitio Web contenga enlaces a otros sitios web. Berrly no controla ni es responsable de las cookies utilizadas por estos sitios Webs externos. Para m\u00e1s informaci\u00f3n sobre las cookies de los sitios webs de terceros, recomendamos revisar su pol\u00edtica de cookies.<\/span><\/p><\/div><\/div><\/div>\t\t\t\t\t\t\t\t<\/div>\n\t\t\t\t<\/div>\n\t\t\t\t<div class=\"elementor-element elementor-element-ef35e56 elementor-widget elementor-widget-heading\" data-id=\"ef35e56\" data-element_type=\"widget\" data-e-type=\"widget\" data-widget_type=\"heading.default\">\n\t\t\t\t<div class=\"elementor-widget-container\">\n\t\t\t\t\t<p class=\"elementor-heading-title elementor-size-default\">3. \u00bfC\u00f3mo puedo desactivar las cookies?<\/p>\t\t\t\t<\/div>\n\t\t\t\t<\/div>\n\t\t\t\t<div class=\"elementor-element elementor-element-df55d0b elementor-widget elementor-widget-text-editor\" data-id=\"df55d0b\" data-element_type=\"widget\" data-e-type=\"widget\" data-widget_type=\"text-editor.default\">\n\t\t\t\t<div class=\"elementor-widget-container\">\n\t\t\t\t\t\t\t\t\t<div class=\"wpb_text_column wpb_content_element\"><div class=\"wpb_wrapper\"><div class=\"wpb_text_column-text-style\"><p class=\"p2\"><span class=\"s2\">El usuario puede restringir, bloquear o borrar las cookies del Sitio Web a trav\u00e9s del navegador. En cada navegador la operativa es diferente, a continuaci\u00f3n se facilitan los enlaces a los principales navegadores sobre c\u00f3mo realizar dichas modificaciones:<\/span><\/p><ul><li class=\"li3\"><span class=\"s7\">Chrome, desde:\u00a0<a href=\"http:\/\/support.google.com\/chrome\/bin\/answer.py?hl=es&amp;answer=95647\" target=\"_blank\" rel=\"noopener\"><span class=\"s8\">http:\/\/support.google.com\/chrome\/bin\/answer.py?hl=es&amp;answer=95647<\/span><\/a><\/span><\/li><li class=\"li4\"><span class=\"s7\">Explorer, desde\u00a0<a href=\"https:\/\/support.microsoft.com\/es-es\/help\/17442\/windows-internet-explorer-delete-manage-cookies\" target=\"_blank\" rel=\"noopener\"><span class=\"s8\">https:\/\/support.microsoft.com\/es-es\/help\/17442\/windows-internet-explorer-delete-manage-cookies<\/span><\/a><\/span><\/li><li class=\"li4\"><span class=\"s7\">Firefox, desde\u00a0<a href=\"http:\/\/support.mozilla.org\/es\/kb\/habilitar-y-deshabilitar-cookies-que-los-sitios-we\" target=\"_blank\" rel=\"noopener\"><span class=\"s8\">http:\/\/support.mozilla.org\/es\/kb\/habilitar-y-deshabilitar-cookies-que-los-sitios-we<\/span><\/a><\/span><\/li><li class=\"li2\"><span class=\"s2\">Safari, desde\u00a0<a href=\"https:\/\/support.apple.com\/kb\/PH21411?locale=es_ES\" target=\"_blank\" rel=\"noopener\"><span class=\"s5\">https:\/\/support.apple.com\/kb\/PH21411?locale=es_ES<\/span><\/a>\u00a0o https:\/\/www.apple.com\/legal\/privacy\/es\/cookies\/<\/span><\/li><\/ul><\/div><\/div><\/div>\t\t\t\t\t\t\t\t<\/div>\n\t\t\t\t<\/div>\n\t\t\t\t\t<\/div>\n\t\t<\/div>\n\t\t\t\t\t<\/div>\n\t\t<\/section>\n\t\t\t\t<\/div>\n\t\t","protected":false},"excerpt":{"rendered":"<p>Pol\u00edtica de Cookies Las presentes condiciones regulan exclusivamente el uso del \u00e1rea p\u00fablica del sitio web berrly.com 1. \u00bfQu\u00e9 es una cookie? Una cookie son archivos de texto que se descargan en el equipo del usuario al acceder a determinadas p\u00e1ginas Web con el objetivo de almacenar y recuperar informaci\u00f3n sobre la navegaci\u00f3n que se [&hellip;]<\/p>\n","protected":false},"author":5,"featured_media":0,"parent":0,"menu_order":0,"comment_status":"closed","ping_status":"closed","template":"","meta":{"_acf_changed":false,"footnotes":""},"class_list":["post-844","page","type-page","status-publish","hentry"],"acf":[],"_links":{"self":[{"href":"https:\/\/www.berrly.com\/ca\/wp-json\/wp\/v2\/pages\/844","targetHints":{"allow":["GET"]}}],"collection":[{"href":"https:\/\/www.berrly.com\/ca\/wp-json\/wp\/v2\/pages"}],"about":[{"href":"https:\/\/www.berrly.com\/ca\/wp-json\/wp\/v2\/types\/page"}],"author":[{"embeddable":true,"href":"https:\/\/www.berrly.com\/ca\/wp-json\/wp\/v2\/users\/5"}],"replies":[{"embeddable":true,"href":"https:\/\/www.berrly.com\/ca\/wp-json\/wp\/v2\/comments?post=844"}],"version-history":[{"count":0,"href":"https:\/\/www.berrly.com\/ca\/wp-json\/wp\/v2\/pages\/844\/revisions"}],"wp:attachment":[{"href":"https:\/\/www.berrly.com\/ca\/wp-json\/wp\/v2\/media?parent=844"}],"curies":[{"name":"wp","href":"https:\/\/api.w.org\/{rel}","templated":true}]}}