{"id":10382,"date":"2023-02-23T14:29:56","date_gmt":"2023-02-23T13:29:56","guid":{"rendered":"https:\/\/www.berrly.com\/?page_id=10382"},"modified":"2023-02-23T14:29:56","modified_gmt":"2023-02-23T13:29:56","slug":"blogapp-berrly","status":"publish","type":"page","link":"https:\/\/www.berrly.com\/es\/blogapp-berrly\/","title":{"rendered":"BlogApp Berrly"},"content":{"rendered":"\t\t<div data-elementor-type=\"wp-page\" data-elementor-id=\"10382\" class=\"elementor elementor-10382\" data-elementor-post-type=\"page\">\n\t\t\t\t\t\t<section class=\"elementor-section elementor-top-section elementor-element elementor-element-be208ba elementor-section-boxed elementor-section-height-default elementor-section-height-default\" data-id=\"be208ba\" data-element_type=\"section\" data-e-type=\"section\" data-settings=\"{&quot;jet_parallax_layout_list&quot;:[]}\">\n\t\t\t\t\t\t<div class=\"elementor-container elementor-column-gap-default\">\n\t\t\t\t\t<div class=\"elementor-column elementor-col-100 elementor-top-column elementor-element elementor-element-ab1225b\" data-id=\"ab1225b\" data-element_type=\"column\" data-e-type=\"column\">\n\t\t\t<div class=\"elementor-widget-wrap elementor-element-populated\">\n\t\t\t\t\t\t<div class=\"elementor-element elementor-element-bcd9955 elementor-grid-3 elementor-grid-tablet-2 elementor-grid-mobile-1 elementor-posts--thumbnail-top elementor-widget elementor-widget-posts\" data-id=\"bcd9955\" data-element_type=\"widget\" data-e-type=\"widget\" data-settings=\"{&quot;classic_columns&quot;:&quot;3&quot;,&quot;classic_columns_tablet&quot;:&quot;2&quot;,&quot;classic_columns_mobile&quot;:&quot;1&quot;,&quot;classic_row_gap&quot;:{&quot;unit&quot;:&quot;px&quot;,&quot;size&quot;:35,&quot;sizes&quot;:[]},&quot;classic_row_gap_tablet&quot;:{&quot;unit&quot;:&quot;px&quot;,&quot;size&quot;:&quot;&quot;,&quot;sizes&quot;:[]},&quot;classic_row_gap_mobile&quot;:{&quot;unit&quot;:&quot;px&quot;,&quot;size&quot;:&quot;&quot;,&quot;sizes&quot;:[]}}\" data-widget_type=\"posts.classic\">\n\t\t\t\t<div class=\"elementor-widget-container\">\n\t\t\t\t\t\t\t<div class=\"elementor-posts-container elementor-posts elementor-posts--skin-classic elementor-grid\" role=\"list\">\n\t\t\t\t<article class=\"elementor-post elementor-grid-item post-14378 post type-post status-publish format-standard has-post-thumbnail hentry category-blog-2\" role=\"listitem\">\n\t\t\t\t<a class=\"elementor-post__thumbnail__link\" href=\"https:\/\/www.berrly.com\/es\/2025\/09\/crm-para-la-gestion-de-clubes-privados\/\" tabindex=\"-1\">\n\t\t\t<div class=\"elementor-post__thumbnail\"><img fetchpriority=\"high\" decoding=\"async\" width=\"300\" height=\"205\" src=\"https:\/\/www.berrly.com\/wp-content\/uploads\/2025\/09\/freepik__the-style-is-candid-image-photography-with-natural__82980-300x205.jpeg\" class=\"attachment-medium size-medium wp-image-14380\" alt=\"\" srcset=\"https:\/\/www.berrly.com\/wp-content\/uploads\/2025\/09\/freepik__the-style-is-candid-image-photography-with-natural__82980-300x205.jpeg 300w, https:\/\/www.berrly.com\/wp-content\/uploads\/2025\/09\/freepik__the-style-is-candid-image-photography-with-natural__82980-1024x701.jpeg 1024w, https:\/\/www.berrly.com\/wp-content\/uploads\/2025\/09\/freepik__the-style-is-candid-image-photography-with-natural__82980-768x525.jpeg 768w, https:\/\/www.berrly.com\/wp-content\/uploads\/2025\/09\/freepik__the-style-is-candid-image-photography-with-natural__82980.jpeg 1216w\" sizes=\"(max-width: 300px) 100vw, 300px\" \/><\/div>\n\t\t<\/a>\n\t\t\t\t<div class=\"elementor-post__text\">\n\t\t\t\t<h3 class=\"elementor-post__title\">\n\t\t\t<a href=\"https:\/\/www.berrly.com\/es\/2025\/09\/crm-para-la-gestion-de-clubes-privados\/\">\n\t\t\t\tPor qu\u00e9 un CRM es esencial para la gesti\u00f3n de clubes privados hoy\t\t\t<\/a>\n\t\t<\/h3>\n\t\t\t\t<div class=\"elementor-post__meta-data\">\n\t\t\t\t\t<span class=\"elementor-post-date\">\n\t\t\t29 de septiembre de 2025\t\t<\/span>\n\t\t\t\t<span class=\"elementor-post-avatar\">\n\t\t\tNo hay comentarios\t\t<\/span>\n\t\t\t\t<\/div>\n\t\t\t\t<div class=\"elementor-post__excerpt\">\n\t\t\t<p>CRM para clubes privados no es solo una herramienta; es el coraz\u00f3n operativo de la gesti\u00f3n de socios de un club moderno. Si tu objetivo<\/p>\n\t\t<\/div>\n\t\t\n\t\t<a class=\"elementor-post__read-more\" href=\"https:\/\/www.berrly.com\/es\/2025\/09\/crm-para-la-gestion-de-clubes-privados\/\" aria-label=\"M\u00e1s informaci\u00f3n sobre Por qu\u00e9 un CRM es esencial para la gesti\u00f3n de clubes privados hoy\" tabindex=\"-1\">\n\t\t\t Llegir m\u00e9s \u00bb\t\t<\/a>\n\n\t\t\t\t<\/div>\n\t\t\t\t<\/article>\n\t\t\t\t<article class=\"elementor-post elementor-grid-item post-14371 post type-post status-publish format-standard has-post-thumbnail hentry category-blog-2\" role=\"listitem\">\n\t\t\t\t<a class=\"elementor-post__thumbnail__link\" href=\"https:\/\/www.berrly.com\/es\/2025\/09\/digitalizacion-y-tradicion-clubes-sociales\/\" tabindex=\"-1\">\n\t\t\t<div class=\"elementor-post__thumbnail\"><img decoding=\"async\" width=\"300\" height=\"205\" src=\"https:\/\/www.berrly.com\/wp-content\/uploads\/2025\/09\/freepik__the-style-is-candid-image-photography-with-natural__82979-300x205.jpeg\" class=\"attachment-medium size-medium wp-image-14372\" alt=\"\" srcset=\"https:\/\/www.berrly.com\/wp-content\/uploads\/2025\/09\/freepik__the-style-is-candid-image-photography-with-natural__82979-300x205.jpeg 300w, https:\/\/www.berrly.com\/wp-content\/uploads\/2025\/09\/freepik__the-style-is-candid-image-photography-with-natural__82979-1024x701.jpeg 1024w, https:\/\/www.berrly.com\/wp-content\/uploads\/2025\/09\/freepik__the-style-is-candid-image-photography-with-natural__82979-768x525.jpeg 768w, https:\/\/www.berrly.com\/wp-content\/uploads\/2025\/09\/freepik__the-style-is-candid-image-photography-with-natural__82979.jpeg 1216w\" sizes=\"(max-width: 300px) 100vw, 300px\" \/><\/div>\n\t\t<\/a>\n\t\t\t\t<div class=\"elementor-post__text\">\n\t\t\t\t<h3 class=\"elementor-post__title\">\n\t\t\t<a href=\"https:\/\/www.berrly.com\/es\/2025\/09\/digitalizacion-y-tradicion-clubes-sociales\/\">\n\t\t\t\tDigitalizaci\u00f3n y tradici\u00f3n: el equilibrio perfecto para los clubes sociales\t\t\t<\/a>\n\t\t<\/h3>\n\t\t\t\t<div class=\"elementor-post__meta-data\">\n\t\t\t\t\t<span class=\"elementor-post-date\">\n\t\t\t22 de septiembre de 2025\t\t<\/span>\n\t\t\t\t<span class=\"elementor-post-avatar\">\n\t\t\tNo hay comentarios\t\t<\/span>\n\t\t\t\t<\/div>\n\t\t\t\t<div class=\"elementor-post__excerpt\">\n\t\t\t<p>Software para clubes sociales y software para clubes privados son la base para digitalizar un club sin perder su historia ni su estilo. El objetivo<\/p>\n\t\t<\/div>\n\t\t\n\t\t<a class=\"elementor-post__read-more\" href=\"https:\/\/www.berrly.com\/es\/2025\/09\/digitalizacion-y-tradicion-clubes-sociales\/\" aria-label=\"M\u00e1s informaci\u00f3n sobre Digitalizaci\u00f3n y tradici\u00f3n: el equilibrio perfecto para los clubes sociales\" tabindex=\"-1\">\n\t\t\t Llegir m\u00e9s \u00bb\t\t<\/a>\n\n\t\t\t\t<\/div>\n\t\t\t\t<\/article>\n\t\t\t\t<article class=\"elementor-post elementor-grid-item post-14356 post type-post status-publish format-standard has-post-thumbnail hentry category-blog-2\" role=\"listitem\">\n\t\t\t\t<a class=\"elementor-post__thumbnail__link\" href=\"https:\/\/www.berrly.com\/es\/2025\/09\/software-para-clubes-privados-las-claves-para-ofrecer-una-experiencia-exclusiva-a-los-socios\/\" tabindex=\"-1\">\n\t\t\t<div class=\"elementor-post__thumbnail\"><img decoding=\"async\" width=\"300\" height=\"205\" src=\"https:\/\/www.berrly.com\/wp-content\/uploads\/2025\/09\/freepik__the-style-is-candid-image-photography-with-natural__90528-300x205.jpeg\" class=\"attachment-medium size-medium wp-image-14357\" alt=\"\" srcset=\"https:\/\/www.berrly.com\/wp-content\/uploads\/2025\/09\/freepik__the-style-is-candid-image-photography-with-natural__90528-300x205.jpeg 300w, https:\/\/www.berrly.com\/wp-content\/uploads\/2025\/09\/freepik__the-style-is-candid-image-photography-with-natural__90528-1024x701.jpeg 1024w, https:\/\/www.berrly.com\/wp-content\/uploads\/2025\/09\/freepik__the-style-is-candid-image-photography-with-natural__90528-768x525.jpeg 768w, https:\/\/www.berrly.com\/wp-content\/uploads\/2025\/09\/freepik__the-style-is-candid-image-photography-with-natural__90528.jpeg 1216w\" sizes=\"(max-width: 300px) 100vw, 300px\" \/><\/div>\n\t\t<\/a>\n\t\t\t\t<div class=\"elementor-post__text\">\n\t\t\t\t<h3 class=\"elementor-post__title\">\n\t\t\t<a href=\"https:\/\/www.berrly.com\/es\/2025\/09\/software-para-clubes-privados-las-claves-para-ofrecer-una-experiencia-exclusiva-a-los-socios\/\">\n\t\t\t\tSoftware para clubes privados: las claves para ofrecer una experiencia exclusiva a los socios\t\t\t<\/a>\n\t\t<\/h3>\n\t\t\t\t<div class=\"elementor-post__meta-data\">\n\t\t\t\t\t<span class=\"elementor-post-date\">\n\t\t\t15 de septiembre de 2025\t\t<\/span>\n\t\t\t\t<span class=\"elementor-post-avatar\">\n\t\t\tNo hay comentarios\t\t<\/span>\n\t\t\t\t<\/div>\n\t\t\t\t<div class=\"elementor-post__excerpt\">\n\t\t\t<p>Software para clubes privados es el punto de partida para construir una experiencia exclusiva, c\u00e1lida y consistente para tus miembros. Con una plataforma especializada puedes<\/p>\n\t\t<\/div>\n\t\t\n\t\t<a class=\"elementor-post__read-more\" href=\"https:\/\/www.berrly.com\/es\/2025\/09\/software-para-clubes-privados-las-claves-para-ofrecer-una-experiencia-exclusiva-a-los-socios\/\" aria-label=\"M\u00e1s informaci\u00f3n sobre Software para clubes privados: las claves para ofrecer una experiencia exclusiva a los socios\" tabindex=\"-1\">\n\t\t\t Llegir m\u00e9s \u00bb\t\t<\/a>\n\n\t\t\t\t<\/div>\n\t\t\t\t<\/article>\n\t\t\t\t<article class=\"elementor-post elementor-grid-item post-14354 post type-post status-publish format-standard has-post-thumbnail hentry category-blog-2\" role=\"listitem\">\n\t\t\t\t<a class=\"elementor-post__thumbnail__link\" href=\"https:\/\/www.berrly.com\/es\/2025\/09\/software-para-clubes-privados-como-digitalizar-sin-perder-su-esencia\/\" tabindex=\"-1\">\n\t\t\t<div class=\"elementor-post__thumbnail\"><img loading=\"lazy\" decoding=\"async\" width=\"300\" height=\"205\" src=\"https:\/\/www.berrly.com\/wp-content\/uploads\/2025\/09\/freepik__the-style-is-candid-image-photography-with-natural__90527-300x205.jpeg\" class=\"attachment-medium size-medium wp-image-14350\" alt=\"\" srcset=\"https:\/\/www.berrly.com\/wp-content\/uploads\/2025\/09\/freepik__the-style-is-candid-image-photography-with-natural__90527-300x205.jpeg 300w, https:\/\/www.berrly.com\/wp-content\/uploads\/2025\/09\/freepik__the-style-is-candid-image-photography-with-natural__90527-1024x701.jpeg 1024w, https:\/\/www.berrly.com\/wp-content\/uploads\/2025\/09\/freepik__the-style-is-candid-image-photography-with-natural__90527-768x525.jpeg 768w, https:\/\/www.berrly.com\/wp-content\/uploads\/2025\/09\/freepik__the-style-is-candid-image-photography-with-natural__90527.jpeg 1216w\" sizes=\"(max-width: 300px) 100vw, 300px\" \/><\/div>\n\t\t<\/a>\n\t\t\t\t<div class=\"elementor-post__text\">\n\t\t\t\t<h3 class=\"elementor-post__title\">\n\t\t\t<a href=\"https:\/\/www.berrly.com\/es\/2025\/09\/software-para-clubes-privados-como-digitalizar-sin-perder-su-esencia\/\">\n\t\t\t\tSoftware para clubes privados: c\u00f3mo digitalizar sin perder su esencia\t\t\t<\/a>\n\t\t<\/h3>\n\t\t\t\t<div class=\"elementor-post__meta-data\">\n\t\t\t\t\t<span class=\"elementor-post-date\">\n\t\t\t7 de septiembre de 2025\t\t<\/span>\n\t\t\t\t<span class=\"elementor-post-avatar\">\n\t\t\tNo hay comentarios\t\t<\/span>\n\t\t\t\t<\/div>\n\t\t\t\t<div class=\"elementor-post__excerpt\">\n\t\t\t<p>&nbsp; Software para clubes privados: c\u00f3mo digitalizar un club y mantener su esencia El software para clubes privados es el punto de partida para digitalizar<\/p>\n\t\t<\/div>\n\t\t\n\t\t<a class=\"elementor-post__read-more\" href=\"https:\/\/www.berrly.com\/es\/2025\/09\/software-para-clubes-privados-como-digitalizar-sin-perder-su-esencia\/\" aria-label=\"M\u00e1s informaci\u00f3n sobre Software para clubes privados: c\u00f3mo digitalizar sin perder su esencia\" tabindex=\"-1\">\n\t\t\t Llegir m\u00e9s \u00bb\t\t<\/a>\n\n\t\t\t\t<\/div>\n\t\t\t\t<\/article>\n\t\t\t\t<article class=\"elementor-post elementor-grid-item post-14004 post type-post status-publish format-standard has-post-thumbnail hentry category-product-releases-es\" role=\"listitem\">\n\t\t\t\t<a class=\"elementor-post__thumbnail__link\" href=\"https:\/\/www.berrly.com\/es\/2025\/01\/un-2024-lleno-de-novedades-en-berrly\/\" tabindex=\"-1\">\n\t\t\t<div class=\"elementor-post__thumbnail\"><img loading=\"lazy\" decoding=\"async\" width=\"300\" height=\"200\" src=\"https:\/\/www.berrly.com\/wp-content\/uploads\/2024\/12\/nasa-aV1jRpSa-RI-unsplash-300x200.jpg\" class=\"attachment-medium size-medium wp-image-14006\" alt=\"\" srcset=\"https:\/\/www.berrly.com\/wp-content\/uploads\/2024\/12\/nasa-aV1jRpSa-RI-unsplash-300x200.jpg 300w, https:\/\/www.berrly.com\/wp-content\/uploads\/2024\/12\/nasa-aV1jRpSa-RI-unsplash-1024x683.jpg 1024w, https:\/\/www.berrly.com\/wp-content\/uploads\/2024\/12\/nasa-aV1jRpSa-RI-unsplash-768x512.jpg 768w, https:\/\/www.berrly.com\/wp-content\/uploads\/2024\/12\/nasa-aV1jRpSa-RI-unsplash-1536x1024.jpg 1536w, https:\/\/www.berrly.com\/wp-content\/uploads\/2024\/12\/nasa-aV1jRpSa-RI-unsplash.jpg 1920w\" sizes=\"(max-width: 300px) 100vw, 300px\" \/><\/div>\n\t\t<\/a>\n\t\t\t\t<div class=\"elementor-post__text\">\n\t\t\t\t<h3 class=\"elementor-post__title\">\n\t\t\t<a href=\"https:\/\/www.berrly.com\/es\/2025\/01\/un-2024-lleno-de-novedades-en-berrly\/\">\n\t\t\t\t\u00a1Novedades en Berrly!\t\t\t<\/a>\n\t\t<\/h3>\n\t\t\t\t<div class=\"elementor-post__meta-data\">\n\t\t\t\t\t<span class=\"elementor-post-date\">\n\t\t\t28 de enero de 2025\t\t<\/span>\n\t\t\t\t<span class=\"elementor-post-avatar\">\n\t\t\tNo hay comentarios\t\t<\/span>\n\t\t\t\t<\/div>\n\t\t\t\t<div class=\"elementor-post__excerpt\">\n\t\t\t<p>\u00a1Nuevas funcionalidades y mejoras en Berrly!, el software para la gesti\u00f3n de asociaciones, software para fundaciones y software para clubs deportivos. Descubre todo lo que<\/p>\n\t\t<\/div>\n\t\t\n\t\t<a class=\"elementor-post__read-more\" href=\"https:\/\/www.berrly.com\/es\/2025\/01\/un-2024-lleno-de-novedades-en-berrly\/\" aria-label=\"M\u00e1s informaci\u00f3n sobre \u00a1Novedades en Berrly!\" tabindex=\"-1\">\n\t\t\t Llegir m\u00e9s \u00bb\t\t<\/a>\n\n\t\t\t\t<\/div>\n\t\t\t\t<\/article>\n\t\t\t\t<article class=\"elementor-post elementor-grid-item post-13990 post type-post status-publish format-standard has-post-thumbnail hentry category-blog-2 tag-baloncesto tag-gestion\" role=\"listitem\">\n\t\t\t\t<a class=\"elementor-post__thumbnail__link\" href=\"https:\/\/www.berrly.com\/es\/2024\/09\/software-para-clubes-de-baloncesto\/\" tabindex=\"-1\">\n\t\t\t<div class=\"elementor-post__thumbnail\"><img loading=\"lazy\" decoding=\"async\" width=\"300\" height=\"300\" src=\"https:\/\/www.berrly.com\/wp-content\/uploads\/2024\/09\/Firefly-partido-o-entrenamiento-de-baloncesto-en-una-cancha-de-entrenamiento-en-tonos-rosas-y-morado-300x300.jpg\" class=\"attachment-medium size-medium wp-image-13991\" alt=\"\" srcset=\"https:\/\/www.berrly.com\/wp-content\/uploads\/2024\/09\/Firefly-partido-o-entrenamiento-de-baloncesto-en-una-cancha-de-entrenamiento-en-tonos-rosas-y-morado-300x300.jpg 300w, https:\/\/www.berrly.com\/wp-content\/uploads\/2024\/09\/Firefly-partido-o-entrenamiento-de-baloncesto-en-una-cancha-de-entrenamiento-en-tonos-rosas-y-morado-1024x1024.jpg 1024w, https:\/\/www.berrly.com\/wp-content\/uploads\/2024\/09\/Firefly-partido-o-entrenamiento-de-baloncesto-en-una-cancha-de-entrenamiento-en-tonos-rosas-y-morado-150x150.jpg 150w, https:\/\/www.berrly.com\/wp-content\/uploads\/2024\/09\/Firefly-partido-o-entrenamiento-de-baloncesto-en-una-cancha-de-entrenamiento-en-tonos-rosas-y-morado-768x768.jpg 768w, https:\/\/www.berrly.com\/wp-content\/uploads\/2024\/09\/Firefly-partido-o-entrenamiento-de-baloncesto-en-una-cancha-de-entrenamiento-en-tonos-rosas-y-morado-1536x1536.jpg 1536w, https:\/\/www.berrly.com\/wp-content\/uploads\/2024\/09\/Firefly-partido-o-entrenamiento-de-baloncesto-en-una-cancha-de-entrenamiento-en-tonos-rosas-y-morado.jpg 2048w\" sizes=\"(max-width: 300px) 100vw, 300px\" \/><\/div>\n\t\t<\/a>\n\t\t\t\t<div class=\"elementor-post__text\">\n\t\t\t\t<h3 class=\"elementor-post__title\">\n\t\t\t<a href=\"https:\/\/www.berrly.com\/es\/2024\/09\/software-para-clubes-de-baloncesto\/\">\n\t\t\t\tSoftware para clubes de baloncesto\t\t\t<\/a>\n\t\t<\/h3>\n\t\t\t\t<div class=\"elementor-post__meta-data\">\n\t\t\t\t\t<span class=\"elementor-post-date\">\n\t\t\t26 de septiembre de 2024\t\t<\/span>\n\t\t\t\t<span class=\"elementor-post-avatar\">\n\t\t\tNo hay comentarios\t\t<\/span>\n\t\t\t\t<\/div>\n\t\t\t\t<div class=\"elementor-post__excerpt\">\n\t\t\t<p>Utilizar un software para clubes de baloncesto se ha convertido en una necesidad inaplazable para estas organizaciones. Este deporte conserva su enorme importancia a nivel<\/p>\n\t\t<\/div>\n\t\t\n\t\t<a class=\"elementor-post__read-more\" href=\"https:\/\/www.berrly.com\/es\/2024\/09\/software-para-clubes-de-baloncesto\/\" aria-label=\"M\u00e1s informaci\u00f3n sobre Software para clubes de baloncesto\" tabindex=\"-1\">\n\t\t\t Llegir m\u00e9s \u00bb\t\t<\/a>\n\n\t\t\t\t<\/div>\n\t\t\t\t<\/article>\n\t\t\t\t<\/div>\n\t\t\n\t\t\t\t\t\t<\/div>\n\t\t\t\t<\/div>\n\t\t\t\t\t<\/div>\n\t\t<\/div>\n\t\t\t\t\t<\/div>\n\t\t<\/section>\n\t\t\t\t<\/div>\n\t\t","protected":false},"excerpt":{"rendered":"","protected":false},"author":5,"featured_media":0,"parent":0,"menu_order":0,"comment_status":"closed","ping_status":"closed","template":"elementor_canvas","meta":{"_acf_changed":false,"footnotes":""},"class_list":["post-10382","page","type-page","status-publish","hentry"],"acf":[],"_links":{"self":[{"href":"https:\/\/www.berrly.com\/es\/wp-json\/wp\/v2\/pages\/10382","targetHints":{"allow":["GET"]}}],"collection":[{"href":"https:\/\/www.berrly.com\/es\/wp-json\/wp\/v2\/pages"}],"about":[{"href":"https:\/\/www.berrly.com\/es\/wp-json\/wp\/v2\/types\/page"}],"author":[{"embeddable":true,"href":"https:\/\/www.berrly.com\/es\/wp-json\/wp\/v2\/users\/5"}],"replies":[{"embeddable":true,"href":"https:\/\/www.berrly.com\/es\/wp-json\/wp\/v2\/comments?post=10382"}],"version-history":[{"count":0,"href":"https:\/\/www.berrly.com\/es\/wp-json\/wp\/v2\/pages\/10382\/revisions"}],"wp:attachment":[{"href":"https:\/\/www.berrly.com\/es\/wp-json\/wp\/v2\/media?parent=10382"}],"curies":[{"name":"wp","href":"https:\/\/api.w.org\/{rel}","templated":true}]}}